{"id":1123,"date":"2022-09-14T22:30:14","date_gmt":"2022-09-14T22:30:14","guid":{"rendered":"https:\/\/karriereportal.dev.brandhands.de\/?page_id=1123"},"modified":"2022-09-15T23:51:26","modified_gmt":"2022-09-15T23:51:26","slug":"wiit-academy","status":"publish","type":"page","link":"https:\/\/karriere.legacy.dev.brandhands.de\/?page_id=1123","title":{"rendered":"WIIT Academy"},"content":{"rendered":"\t\t<div data-elementor-type=\"wp-page\" data-elementor-id=\"1123\" class=\"elementor elementor-1123\">\n\t\t\t\t\t\t\t\t\t<section data-particle_enable=\"false\" data-particle-mobile-disabled=\"false\" class=\"elementor-section elementor-top-section elementor-element elementor-element-909f78e elementor-section-boxed elementor-section-height-default elementor-section-height-default\" data-id=\"909f78e\" data-element_type=\"section\" data-settings=\"{&quot;ekit_has_onepagescroll_dot&quot;:&quot;yes&quot;}\">\n\t\t\t\t\t\t<div class=\"elementor-container elementor-column-gap-default\">\n\t\t\t\t\t<div class=\"elementor-column elementor-col-100 elementor-top-column elementor-element elementor-element-2ef61d3\" data-id=\"2ef61d3\" data-element_type=\"column\">\n\t\t\t<div class=\"elementor-widget-wrap\">\n\t\t\t\t\t\t\t\t\t<\/div>\n\t\t<\/div>\n\t\t\t\t\t\t\t<\/div>\n\t\t<\/section>\n\t\t\t\t<section data-particle_enable=\"false\" data-particle-mobile-disabled=\"false\" class=\"elementor-section elementor-top-section elementor-element elementor-element-891cc72 elementor-section-boxed elementor-section-height-default elementor-section-height-default\" data-id=\"891cc72\" data-element_type=\"section\" data-settings=\"{&quot;background_background&quot;:&quot;classic&quot;,&quot;shape_divider_top&quot;:&quot;tilt&quot;,&quot;background_motion_fx_motion_fx_scrolling&quot;:&quot;yes&quot;,&quot;background_motion_fx_translateX_effect&quot;:&quot;yes&quot;,&quot;background_motion_fx_scale_effect&quot;:&quot;yes&quot;,&quot;background_motion_fx_scale_direction&quot;:&quot;in-out&quot;,&quot;background_motion_fx_translateX_speed&quot;:{&quot;unit&quot;:&quot;px&quot;,&quot;size&quot;:4,&quot;sizes&quot;:[]},&quot;background_motion_fx_translateX_affectedRange&quot;:{&quot;unit&quot;:&quot;%&quot;,&quot;size&quot;:&quot;&quot;,&quot;sizes&quot;:{&quot;start&quot;:0,&quot;end&quot;:100}},&quot;background_motion_fx_scale_speed&quot;:{&quot;unit&quot;:&quot;px&quot;,&quot;size&quot;:4,&quot;sizes&quot;:[]},&quot;background_motion_fx_scale_range&quot;:{&quot;unit&quot;:&quot;%&quot;,&quot;size&quot;:&quot;&quot;,&quot;sizes&quot;:{&quot;start&quot;:20,&quot;end&quot;:80}},&quot;background_motion_fx_devices&quot;:[&quot;desktop&quot;,&quot;tablet&quot;,&quot;mobile&quot;],&quot;ekit_has_onepagescroll_dot&quot;:&quot;yes&quot;}\">\n\t\t\t\t\t<div class=\"elementor-shape elementor-shape-top\" data-negative=\"false\">\n\t\t\t<svg xmlns=\"http:\/\/www.w3.org\/2000\/svg\" viewBox=\"0 0 1000 100\" preserveAspectRatio=\"none\">\n\t<path class=\"elementor-shape-fill\" d=\"M0,6V0h1000v100L0,6z\"\/>\n<\/svg>\t\t<\/div>\n\t\t\t\t\t<div class=\"elementor-container elementor-column-gap-default\">\n\t\t\t\t\t<div class=\"elementor-column elementor-col-50 elementor-top-column elementor-element elementor-element-c3e2d7c\" data-id=\"c3e2d7c\" data-element_type=\"column\" data-settings=\"{&quot;background_background&quot;:&quot;classic&quot;}\">\n\t\t\t<div class=\"elementor-widget-wrap\">\n\t\t\t\t\t\t\t\t\t<\/div>\n\t\t<\/div>\n\t\t\t\t<div class=\"elementor-column elementor-col-50 elementor-top-column elementor-element elementor-element-eb917c4\" data-id=\"eb917c4\" data-element_type=\"column\">\n\t\t\t<div class=\"elementor-widget-wrap elementor-element-populated\">\n\t\t\t\t\t\t\t\t<div class=\"elementor-element elementor-element-99370c6 elementor-widget elementor-widget-heading\" data-id=\"99370c6\" data-element_type=\"widget\" data-settings=\"{&quot;ekit_we_effect_on&quot;:&quot;none&quot;}\" data-widget_type=\"heading.default\">\n\t\t\t\t<div class=\"elementor-widget-container\">\n\t\t\t<style>\/*! elementor - v3.10.1 - 17-01-2023 *\/\n.elementor-heading-title{padding:0;margin:0;line-height:1}.elementor-widget-heading .elementor-heading-title[class*=elementor-size-]>a{color:inherit;font-size:inherit;line-height:inherit}.elementor-widget-heading .elementor-heading-title.elementor-size-small{font-size:15px}.elementor-widget-heading .elementor-heading-title.elementor-size-medium{font-size:19px}.elementor-widget-heading .elementor-heading-title.elementor-size-large{font-size:29px}.elementor-widget-heading .elementor-heading-title.elementor-size-xl{font-size:39px}.elementor-widget-heading .elementor-heading-title.elementor-size-xxl{font-size:59px}<\/style><h2 class=\"elementor-heading-title elementor-size-default\">Ja! Unser Unternehmen hat <\/h2>\t\t<\/div>\n\t\t\t\t<\/div>\n\t\t\t\t<div class=\"elementor-element elementor-element-5517f83 elementor-widget elementor-widget-heading\" data-id=\"5517f83\" data-element_type=\"widget\" data-settings=\"{&quot;ekit_we_effect_on&quot;:&quot;none&quot;}\" data-widget_type=\"heading.default\">\n\t\t\t\t<div class=\"elementor-widget-container\">\n\t\t\t<h2 class=\"elementor-heading-title elementor-size-default\">EINE EIGENE AKADEMIE<\/h2>\t\t<\/div>\n\t\t\t\t<\/div>\n\t\t\t\t<div class=\"elementor-element elementor-element-70f3efc elementor-widget elementor-widget-text-editor\" data-id=\"70f3efc\" data-element_type=\"widget\" data-settings=\"{&quot;ekit_we_effect_on&quot;:&quot;none&quot;}\" data-widget_type=\"text-editor.default\">\n\t\t\t\t<div class=\"elementor-widget-container\">\n\t\t\t<style>\/*! elementor - v3.10.1 - 17-01-2023 *\/\n.elementor-widget-text-editor.elementor-drop-cap-view-stacked .elementor-drop-cap{background-color:#818a91;color:#fff}.elementor-widget-text-editor.elementor-drop-cap-view-framed .elementor-drop-cap{color:#818a91;border:3px solid;background-color:transparent}.elementor-widget-text-editor:not(.elementor-drop-cap-view-default) .elementor-drop-cap{margin-top:8px}.elementor-widget-text-editor:not(.elementor-drop-cap-view-default) .elementor-drop-cap-letter{width:1em;height:1em}.elementor-widget-text-editor .elementor-drop-cap{float:left;text-align:center;line-height:1;font-size:50px}.elementor-widget-text-editor .elementor-drop-cap-letter{display:inline-block}<\/style>\t\t\t\t<p>Willkommen in der WIIT Group.<\/p><p>Ein europ\u00e4isches Unternehmen mit \u00fcber 500 Mitarbeitern und definitiv auf Wachstumskurs!<\/p><p>\u00a0<\/p>\t\t\t\t\t\t<\/div>\n\t\t\t\t<\/div>\n\t\t\t\t\t<\/div>\n\t\t<\/div>\n\t\t\t\t\t\t\t<\/div>\n\t\t<\/section>\n\t\t\t\t<section data-particle_enable=\"false\" data-particle-mobile-disabled=\"false\" class=\"elementor-section elementor-top-section elementor-element elementor-element-a7ac9f3 elementor-section-boxed elementor-section-height-default elementor-section-height-default\" data-id=\"a7ac9f3\" data-element_type=\"section\" data-settings=\"{&quot;background_background&quot;:&quot;classic&quot;,&quot;shape_divider_top&quot;:&quot;tilt&quot;,&quot;background_motion_fx_motion_fx_scrolling&quot;:&quot;yes&quot;,&quot;background_motion_fx_translateX_effect&quot;:&quot;yes&quot;,&quot;background_motion_fx_translateX_speed&quot;:{&quot;unit&quot;:&quot;px&quot;,&quot;size&quot;:0,&quot;sizes&quot;:[]},&quot;background_motion_fx_scale_effect&quot;:&quot;yes&quot;,&quot;background_motion_fx_scale_direction&quot;:&quot;in-out&quot;,&quot;shape_divider_bottom&quot;:&quot;tilt&quot;,&quot;background_motion_fx_translateX_affectedRange&quot;:{&quot;unit&quot;:&quot;%&quot;,&quot;size&quot;:&quot;&quot;,&quot;sizes&quot;:{&quot;start&quot;:0,&quot;end&quot;:100}},&quot;background_motion_fx_scale_speed&quot;:{&quot;unit&quot;:&quot;px&quot;,&quot;size&quot;:4,&quot;sizes&quot;:[]},&quot;background_motion_fx_scale_range&quot;:{&quot;unit&quot;:&quot;%&quot;,&quot;size&quot;:&quot;&quot;,&quot;sizes&quot;:{&quot;start&quot;:20,&quot;end&quot;:80}},&quot;background_motion_fx_devices&quot;:[&quot;desktop&quot;,&quot;tablet&quot;,&quot;mobile&quot;],&quot;ekit_has_onepagescroll_dot&quot;:&quot;yes&quot;}\">\n\t\t\t\t\t<div class=\"elementor-shape elementor-shape-top\" data-negative=\"false\">\n\t\t\t<svg xmlns=\"http:\/\/www.w3.org\/2000\/svg\" viewBox=\"0 0 1000 100\" preserveAspectRatio=\"none\">\n\t<path class=\"elementor-shape-fill\" d=\"M0,6V0h1000v100L0,6z\"\/>\n<\/svg>\t\t<\/div>\n\t\t\t\t<div class=\"elementor-shape elementor-shape-bottom\" data-negative=\"false\">\n\t\t\t<svg xmlns=\"http:\/\/www.w3.org\/2000\/svg\" viewBox=\"0 0 1000 100\" preserveAspectRatio=\"none\">\n\t<path class=\"elementor-shape-fill\" d=\"M0,6V0h1000v100L0,6z\"\/>\n<\/svg>\t\t<\/div>\n\t\t\t\t\t<div class=\"elementor-container elementor-column-gap-default\">\n\t\t\t\t\t<div class=\"elementor-column elementor-col-50 elementor-top-column elementor-element elementor-element-c3df3d7\" data-id=\"c3df3d7\" data-element_type=\"column\">\n\t\t\t<div class=\"elementor-widget-wrap\">\n\t\t\t\t\t\t\t\t\t<\/div>\n\t\t<\/div>\n\t\t\t\t<div class=\"elementor-column elementor-col-50 elementor-top-column elementor-element elementor-element-870facd\" data-id=\"870facd\" data-element_type=\"column\">\n\t\t\t<div class=\"elementor-widget-wrap elementor-element-populated\">\n\t\t\t\t\t\t\t\t<div class=\"elementor-element elementor-element-257c709 elementor-widget elementor-widget-heading\" data-id=\"257c709\" data-element_type=\"widget\" data-settings=\"{&quot;ekit_we_effect_on&quot;:&quot;none&quot;}\" data-widget_type=\"heading.default\">\n\t\t\t\t<div class=\"elementor-widget-container\">\n\t\t\t<h2 class=\"elementor-heading-title elementor-size-default\">F\u00e4higkeiten entwickeln<br>\nBegabung f\u00f6rdern<\/h2>\t\t<\/div>\n\t\t\t\t<\/div>\n\t\t\t\t<div class=\"elementor-element elementor-element-08042ba elementor-widget elementor-widget-heading\" data-id=\"08042ba\" data-element_type=\"widget\" data-settings=\"{&quot;ekit_we_effect_on&quot;:&quot;none&quot;}\" data-widget_type=\"heading.default\">\n\t\t\t\t<div class=\"elementor-widget-container\">\n\t\t\t<h2 class=\"elementor-heading-title elementor-size-default\">WIIT ACADEMY<\/h2>\t\t<\/div>\n\t\t\t\t<\/div>\n\t\t\t\t<div class=\"elementor-element elementor-element-a718576 elementor-widget elementor-widget-text-editor\" data-id=\"a718576\" data-element_type=\"widget\" data-settings=\"{&quot;ekit_we_effect_on&quot;:&quot;none&quot;}\" data-widget_type=\"text-editor.default\">\n\t\t\t\t<div class=\"elementor-widget-container\">\n\t\t\t\t\t\t\t<p><strong>Bei WIIT zu arbeiten bedeutet, Teil eines gemeinsamen Wachstums- und Entwicklungsprojekts zu werden,<\/strong><\/p><p>das sich durch solide Werte und anspruchsvolle Ziele auszeichnet. Wir haben die M\u00f6glichkeit, die Zukunft zu gestalten, indem wir unsere F\u00e4higkeiten st\u00e4ndig weiterentwickeln und die Unterschiede und Begabungen jedes Einzelnen f\u00f6rdern.<\/p>\t\t\t\t\t\t<\/div>\n\t\t\t\t<\/div>\n\t\t\t\t\t<\/div>\n\t\t<\/div>\n\t\t\t\t\t\t\t<\/div>\n\t\t<\/section>\n\t\t\t\t\t\t\t<\/div>\n\t\t","protected":false},"excerpt":{"rendered":"<p>Ja! Unser Unternehmen hat EINE EIGENE AKADEMIE Willkommen in der WIIT Group. Ein europ\u00e4isches Unternehmen mit \u00fcber 500 Mitarbeitern und definitiv auf Wachstumskurs! \u00a0 F\u00e4higkeiten entwickeln Begabung f\u00f6rdern WIIT ACADEMY Bei WIIT zu arbeiten bedeutet, Teil eines gemeinsamen Wachstums- und Entwicklungsprojekts zu werden, das sich durch solide Werte und anspruchsvolle Ziele auszeichnet. Wir haben die [&hellip;]<\/p>\n","protected":false},"author":1,"featured_media":1071,"parent":0,"menu_order":0,"comment_status":"closed","ping_status":"closed","template":"","meta":{"footnotes":""},"kategorien":[],"class_list":["post-1123","page","type-page","status-publish","has-post-thumbnail","hentry"],"acf":[],"yoast_head":"<!-- This site is optimized with the Yoast SEO plugin v19.14 - https:\/\/yoast.com\/wordpress\/plugins\/seo\/ -->\n<title>WIIT Academy - Karriereportal<\/title>\n<meta name=\"robots\" content=\"noindex, follow, max-snippet:-1, max-image-preview:large, max-video-preview:-1\" \/>\n<meta property=\"og:locale\" content=\"de_DE\" \/>\n<meta property=\"og:type\" content=\"article\" \/>\n<meta property=\"og:title\" content=\"WIIT Academy - Karriereportal\" \/>\n<meta property=\"og:description\" content=\"Ja! Unser Unternehmen hat EINE EIGENE AKADEMIE Willkommen in der WIIT Group. Ein europ\u00e4isches Unternehmen mit \u00fcber 500 Mitarbeitern und definitiv auf Wachstumskurs! \u00a0 F\u00e4higkeiten entwickeln Begabung f\u00f6rdern WIIT ACADEMY Bei WIIT zu arbeiten bedeutet, Teil eines gemeinsamen Wachstums- und Entwicklungsprojekts zu werden, das sich durch solide Werte und anspruchsvolle Ziele auszeichnet. Wir haben die [&hellip;]\" \/>\n<meta property=\"og:url\" content=\"https:\/\/karriere.legacy.dev.brandhands.de\/?page_id=1123\" \/>\n<meta property=\"og:site_name\" content=\"Karriereportal\" \/>\n<meta property=\"article:modified_time\" content=\"2022-09-15T23:51:26+00:00\" \/>\n<meta property=\"og:image\" content=\"https:\/\/karriere.legacy.dev.brandhands.de\/wp-content\/uploads\/2022\/09\/torsten_vorher-1024x640-2.jpg\" \/>\n\t<meta property=\"og:image:width\" content=\"1024\" \/>\n\t<meta property=\"og:image:height\" content=\"640\" \/>\n\t<meta property=\"og:image:type\" content=\"image\/jpeg\" \/>\n<meta name=\"twitter:card\" content=\"summary_large_image\" \/>\n<meta name=\"twitter:label1\" content=\"Gesch\u00e4tzte Lesezeit\" \/>\n\t<meta name=\"twitter:data1\" content=\"1\u00a0Minute\" \/>\n<script type=\"application\/ld+json\" class=\"yoast-schema-graph\">{\"@context\":\"https:\/\/schema.org\",\"@graph\":[{\"@type\":\"WebPage\",\"@id\":\"https:\/\/karriere.legacy.dev.brandhands.de\/?page_id=1123\",\"url\":\"https:\/\/karriere.legacy.dev.brandhands.de\/?page_id=1123\",\"name\":\"WIIT Academy - Karriereportal\",\"isPartOf\":{\"@id\":\"https:\/\/karriere.legacy.dev.brandhands.de\/#website\"},\"datePublished\":\"2022-09-14T22:30:14+00:00\",\"dateModified\":\"2022-09-15T23:51:26+00:00\",\"breadcrumb\":{\"@id\":\"https:\/\/karriere.legacy.dev.brandhands.de\/?page_id=1123#breadcrumb\"},\"inLanguage\":\"de\",\"potentialAction\":[{\"@type\":\"ReadAction\",\"target\":[\"https:\/\/karriere.legacy.dev.brandhands.de\/?page_id=1123\"]}]},{\"@type\":\"BreadcrumbList\",\"@id\":\"https:\/\/karriere.legacy.dev.brandhands.de\/?page_id=1123#breadcrumb\",\"itemListElement\":[{\"@type\":\"ListItem\",\"position\":1,\"name\":\"Startseite\",\"item\":\"https:\/\/karriere.legacy.dev.brandhands.de\/\"},{\"@type\":\"ListItem\",\"position\":2,\"name\":\"WIIT Academy\"}]},{\"@type\":\"WebSite\",\"@id\":\"https:\/\/karriere.legacy.dev.brandhands.de\/#website\",\"url\":\"https:\/\/karriere.legacy.dev.brandhands.de\/\",\"name\":\"Karriereportal\",\"description\":\"Boreus - WIIT Group\",\"potentialAction\":[{\"@type\":\"SearchAction\",\"target\":{\"@type\":\"EntryPoint\",\"urlTemplate\":\"https:\/\/karriere.legacy.dev.brandhands.de\/?s={search_term_string}\"},\"query-input\":\"required name=search_term_string\"}],\"inLanguage\":\"de\"}]}<\/script>\n<!-- \/ Yoast SEO plugin. -->","yoast_head_json":{"title":"WIIT Academy - Karriereportal","robots":{"index":"noindex","follow":"follow","max-snippet":"max-snippet:-1","max-image-preview":"max-image-preview:large","max-video-preview":"max-video-preview:-1"},"og_locale":"de_DE","og_type":"article","og_title":"WIIT Academy - Karriereportal","og_description":"Ja! Unser Unternehmen hat EINE EIGENE AKADEMIE Willkommen in der WIIT Group. Ein europ\u00e4isches Unternehmen mit \u00fcber 500 Mitarbeitern und definitiv auf Wachstumskurs! \u00a0 F\u00e4higkeiten entwickeln Begabung f\u00f6rdern WIIT ACADEMY Bei WIIT zu arbeiten bedeutet, Teil eines gemeinsamen Wachstums- und Entwicklungsprojekts zu werden, das sich durch solide Werte und anspruchsvolle Ziele auszeichnet. Wir haben die [&hellip;]","og_url":"https:\/\/karriere.legacy.dev.brandhands.de\/?page_id=1123","og_site_name":"Karriereportal","article_modified_time":"2022-09-15T23:51:26+00:00","og_image":[{"width":1024,"height":640,"url":"https:\/\/karriere.legacy.dev.brandhands.de\/wp-content\/uploads\/2022\/09\/torsten_vorher-1024x640-2.jpg","type":"image\/jpeg"}],"twitter_card":"summary_large_image","twitter_misc":{"Gesch\u00e4tzte Lesezeit":"1\u00a0Minute"},"schema":{"@context":"https:\/\/schema.org","@graph":[{"@type":"WebPage","@id":"https:\/\/karriere.legacy.dev.brandhands.de\/?page_id=1123","url":"https:\/\/karriere.legacy.dev.brandhands.de\/?page_id=1123","name":"WIIT Academy - Karriereportal","isPartOf":{"@id":"https:\/\/karriere.legacy.dev.brandhands.de\/#website"},"datePublished":"2022-09-14T22:30:14+00:00","dateModified":"2022-09-15T23:51:26+00:00","breadcrumb":{"@id":"https:\/\/karriere.legacy.dev.brandhands.de\/?page_id=1123#breadcrumb"},"inLanguage":"de","potentialAction":[{"@type":"ReadAction","target":["https:\/\/karriere.legacy.dev.brandhands.de\/?page_id=1123"]}]},{"@type":"BreadcrumbList","@id":"https:\/\/karriere.legacy.dev.brandhands.de\/?page_id=1123#breadcrumb","itemListElement":[{"@type":"ListItem","position":1,"name":"Startseite","item":"https:\/\/karriere.legacy.dev.brandhands.de\/"},{"@type":"ListItem","position":2,"name":"WIIT Academy"}]},{"@type":"WebSite","@id":"https:\/\/karriere.legacy.dev.brandhands.de\/#website","url":"https:\/\/karriere.legacy.dev.brandhands.de\/","name":"Karriereportal","description":"Boreus - WIIT Group","potentialAction":[{"@type":"SearchAction","target":{"@type":"EntryPoint","urlTemplate":"https:\/\/karriere.legacy.dev.brandhands.de\/?s={search_term_string}"},"query-input":"required name=search_term_string"}],"inLanguage":"de"}]}},"_links":{"self":[{"href":"https:\/\/karriere.legacy.dev.brandhands.de\/index.php?rest_route=\/wp\/v2\/pages\/1123","targetHints":{"allow":["GET"]}}],"collection":[{"href":"https:\/\/karriere.legacy.dev.brandhands.de\/index.php?rest_route=\/wp\/v2\/pages"}],"about":[{"href":"https:\/\/karriere.legacy.dev.brandhands.de\/index.php?rest_route=\/wp\/v2\/types\/page"}],"author":[{"embeddable":true,"href":"https:\/\/karriere.legacy.dev.brandhands.de\/index.php?rest_route=\/wp\/v2\/users\/1"}],"replies":[{"embeddable":true,"href":"https:\/\/karriere.legacy.dev.brandhands.de\/index.php?rest_route=%2Fwp%2Fv2%2Fcomments&post=1123"}],"version-history":[{"count":32,"href":"https:\/\/karriere.legacy.dev.brandhands.de\/index.php?rest_route=\/wp\/v2\/pages\/1123\/revisions"}],"predecessor-version":[{"id":1294,"href":"https:\/\/karriere.legacy.dev.brandhands.de\/index.php?rest_route=\/wp\/v2\/pages\/1123\/revisions\/1294"}],"wp:featuredmedia":[{"embeddable":true,"href":"https:\/\/karriere.legacy.dev.brandhands.de\/index.php?rest_route=\/wp\/v2\/media\/1071"}],"wp:attachment":[{"href":"https:\/\/karriere.legacy.dev.brandhands.de\/index.php?rest_route=%2Fwp%2Fv2%2Fmedia&parent=1123"}],"wp:term":[{"taxonomy":"kategorien","embeddable":true,"href":"https:\/\/karriere.legacy.dev.brandhands.de\/index.php?rest_route=%2Fwp%2Fv2%2Fkategorien&post=1123"}],"curies":[{"name":"wp","href":"https:\/\/api.w.org\/{rel}","templated":true}]}}